{"id":108,"date":"2026-02-03T11:54:07","date_gmt":"2026-02-03T11:54:07","guid":{"rendered":"https:\/\/gottonara.se\/?page_id=108"},"modified":"2026-02-03T12:39:12","modified_gmt":"2026-02-03T12:39:12","slug":"om-oss","status":"publish","type":"page","link":"https:\/\/gottonara.se\/index.php\/om-oss\/","title":{"rendered":"Om oss"},"content":{"rendered":"\t\t<div data-elementor-type=\"wp-page\" data-elementor-id=\"108\" class=\"elementor elementor-108\" data-elementor-post-type=\"page\">\n\t\t\t\t<div class=\"elementor-element elementor-element-14a7409 e-flex e-con-boxed e-con e-parent\" data-id=\"14a7409\" data-element_type=\"container\" data-e-type=\"container\" data-settings=\"{&quot;background_background&quot;:&quot;classic&quot;}\">\n\t\t\t\t\t<div class=\"e-con-inner\">\n\t\t\t\t<div class=\"elementor-element elementor-element-1dcad74 elementor-widget elementor-widget-heading\" data-id=\"1dcad74\" data-element_type=\"widget\" data-e-type=\"widget\" data-widget_type=\"heading.default\">\n\t\t\t\t\t<h2 class=\"elementor-heading-title elementor-size-default\">Our Story\n<\/h2>\t\t\t\t<\/div>\n\t\t\t\t<div class=\"elementor-element elementor-element-221fc45 elementor-widget elementor-widget-heading\" data-id=\"221fc45\" data-element_type=\"widget\" data-e-type=\"widget\" data-widget_type=\"heading.default\">\n\t\t\t\t\t<h2 class=\"elementor-heading-title elementor-size-default\">OM OSS<\/h2>\t\t\t\t<\/div>\n\t\t\t\t\t<\/div>\n\t\t\t\t<\/div>\n\t\t<div class=\"elementor-element elementor-element-a14c031 e-flex e-con-boxed e-con e-parent\" data-id=\"a14c031\" data-element_type=\"container\" data-e-type=\"container\">\n\t\t\t\t\t<div class=\"e-con-inner\">\n\t\t<div class=\"elementor-element elementor-element-0bcfae9 e-con-full e-flex e-con e-child\" data-id=\"0bcfae9\" data-element_type=\"container\" data-e-type=\"container\" data-settings=\"{&quot;background_background&quot;:&quot;classic&quot;}\">\n\t\t\t\t<div class=\"elementor-element elementor-element-01eb4c0 elementor-widget elementor-widget-heading\" data-id=\"01eb4c0\" data-element_type=\"widget\" data-e-type=\"widget\" data-widget_type=\"heading.default\">\n\t\t\t\t\t<h2 class=\"elementor-heading-title elementor-size-default\">Har du fr\u00e5gor?<\/h2>\t\t\t\t<\/div>\n\t\t\t\t<div class=\"elementor-element elementor-element-6ccf80e elementor-widget elementor-widget-heading\" data-id=\"6ccf80e\" data-element_type=\"widget\" data-e-type=\"widget\" data-widget_type=\"heading.default\">\n\t\t\t\t\t<h2 class=\"elementor-heading-title elementor-size-default\">VAD VI G\u00d6R<\/h2>\t\t\t\t<\/div>\n\t\t\t\t<div class=\"elementor-element elementor-element-347b04a elementor-widget elementor-widget-text-editor\" data-id=\"347b04a\" data-element_type=\"widget\" data-e-type=\"widget\" data-widget_type=\"text-editor.default\">\n\t\t\t\t\t\t\t\t\t<p>Vi finns h\u00e4r f\u00f6r dig som l\u00e4ser p\u00e5 LU, LTH eller befinner dig i n\u00e4rheten av Helsingkrona nation. V\u00e5r pasta \u00e4r hemlagad enligt traditionella italienska recept, v\u00e5r kebab serveras i dagsf\u00e4rsk pitabr\u00f6d\/rulle och v\u00e5ra pizzor \u00e4r gjorda med lokala f\u00e4rska r\u00e5varor. Vi \u00e4r n\u00e4ra dig. F\u00f6lj bara doften av nygrillat k\u00f6tt, r\u00f6kt parma och sm\u00e4lt mozzarella. Vegetariska och veganska alternativ finns ocks\u00e5.<\/p><p>Vi serverar l\u00e4cker snabbmat fr\u00e5n medelhavet. H\u00e4r v\u00e4ntar k\u00f6ttet p\u00e5 grillen, pastan \u00e4r hemlagad och pizzorna g\u00f6rs precis s\u00e5som i Italien. V\u00e4lkommen in!<\/p>\t\t\t\t\t\t\t\t<\/div>\n\t\t\t\t<\/div>\n\t\t<div class=\"elementor-element elementor-element-2470812 e-con-full e-flex e-con e-child\" data-id=\"2470812\" data-element_type=\"container\" data-e-type=\"container\" data-settings=\"{&quot;background_background&quot;:&quot;classic&quot;}\">\n\t\t\t\t<div class=\"elementor-element elementor-element-59dac8f elementor-widget elementor-widget-heading\" data-id=\"59dac8f\" data-element_type=\"widget\" data-e-type=\"widget\" data-widget_type=\"heading.default\">\n\t\t\t\t\t<h2 class=\"elementor-heading-title elementor-size-default\">Our Masters<\/h2>\t\t\t\t<\/div>\n\t\t\t\t<div class=\"elementor-element elementor-element-3498749 elementor-widget elementor-widget-heading\" data-id=\"3498749\" data-element_type=\"widget\" data-e-type=\"widget\" data-widget_type=\"heading.default\">\n\t\t\t\t\t<h2 class=\"elementor-heading-title elementor-size-default\">V\u00c5RA LOKALER<\/h2>\t\t\t\t<\/div>\n\t\t\t\t<\/div>\n\t\t<div class=\"elementor-element elementor-element-2698655 e-con-full e-flex e-con e-child\" data-id=\"2698655\" data-element_type=\"container\" data-e-type=\"container\">\n\t\t\t\t<div class=\"elementor-element elementor-element-ee92fe1 elementor-widget elementor-widget-gallery\" data-id=\"ee92fe1\" data-element_type=\"widget\" data-e-type=\"widget\" data-settings=\"{&quot;columns&quot;:3,&quot;lazyload&quot;:&quot;yes&quot;,&quot;gallery_layout&quot;:&quot;grid&quot;,&quot;columns_tablet&quot;:2,&quot;columns_mobile&quot;:1,&quot;gap&quot;:{&quot;unit&quot;:&quot;px&quot;,&quot;size&quot;:10,&quot;sizes&quot;:[]},&quot;gap_tablet&quot;:{&quot;unit&quot;:&quot;px&quot;,&quot;size&quot;:10,&quot;sizes&quot;:[]},&quot;gap_mobile&quot;:{&quot;unit&quot;:&quot;px&quot;,&quot;size&quot;:10,&quot;sizes&quot;:[]},&quot;link_to&quot;:&quot;file&quot;,&quot;aspect_ratio&quot;:&quot;3:2&quot;,&quot;overlay_background&quot;:&quot;yes&quot;,&quot;content_hover_animation&quot;:&quot;fade-in&quot;}\" data-widget_type=\"gallery.default\">\n\t\t\t\t\t\t\t<div class=\"elementor-gallery__container\">\n\t\t\t\t\t\t\t<a class=\"e-gallery-item elementor-gallery-item elementor-animated-content\" href=\"https:\/\/gottonara.se\/wp-content\/uploads\/2026\/02\/gn_kock1.jpg\" data-elementor-open-lightbox=\"yes\" data-elementor-lightbox-slideshow=\"ee92fe1\" data-elementor-lightbox-title=\"gn_kock1\" data-e-action-hash=\"#elementor-action%3Aaction%3Dlightbox%26settings%3DeyJpZCI6MTI5LCJ1cmwiOiJodHRwczpcL1wvZ290dG9uYXJhLnNlXC93cC1jb250ZW50XC91cGxvYWRzXC8yMDI2XC8wMlwvZ25fa29jazEuanBnIiwic2xpZGVzaG93IjoiZWU5MmZlMSJ9\">\n\t\t\t\t\t<div class=\"e-gallery-image elementor-gallery-item__image\" data-thumbnail=\"https:\/\/gottonara.se\/wp-content\/uploads\/2026\/02\/gn_kock1.jpg\" data-width=\"600\" data-height=\"400\" aria-label=\"\" role=\"img\" ><\/div>\n\t\t\t\t\t\t\t\t\t\t\t<div class=\"elementor-gallery-item__overlay\"><\/div>\n\t\t\t\t\t\t\t\t\t\t\t\t\t\t<\/a>\n\t\t\t\t\t\t\t<a class=\"e-gallery-item elementor-gallery-item elementor-animated-content\" href=\"https:\/\/gottonara.se\/wp-content\/uploads\/2026\/02\/gn_kock2.jpg\" data-elementor-open-lightbox=\"yes\" data-elementor-lightbox-slideshow=\"ee92fe1\" data-elementor-lightbox-title=\"gn_kock2\" data-e-action-hash=\"#elementor-action%3Aaction%3Dlightbox%26settings%3DeyJpZCI6MTEwLCJ1cmwiOiJodHRwczpcL1wvZ290dG9uYXJhLnNlXC93cC1jb250ZW50XC91cGxvYWRzXC8yMDI2XC8wMlwvZ25fa29jazIuanBnIiwic2xpZGVzaG93IjoiZWU5MmZlMSJ9\">\n\t\t\t\t\t<div class=\"e-gallery-image elementor-gallery-item__image\" data-thumbnail=\"https:\/\/gottonara.se\/wp-content\/uploads\/2026\/02\/gn_kock2.jpg\" data-width=\"600\" data-height=\"400\" aria-label=\"\" role=\"img\" ><\/div>\n\t\t\t\t\t\t\t\t\t\t\t<div class=\"elementor-gallery-item__overlay\"><\/div>\n\t\t\t\t\t\t\t\t\t\t\t\t\t\t<\/a>\n\t\t\t\t\t\t\t<a class=\"e-gallery-item elementor-gallery-item elementor-animated-content\" href=\"https:\/\/gottonara.se\/wp-content\/uploads\/2026\/02\/gn_kock3.jpg\" data-elementor-open-lightbox=\"yes\" data-elementor-lightbox-slideshow=\"ee92fe1\" data-elementor-lightbox-title=\"gn_kock3\" data-e-action-hash=\"#elementor-action%3Aaction%3Dlightbox%26settings%3DeyJpZCI6MTI4LCJ1cmwiOiJodHRwczpcL1wvZ290dG9uYXJhLnNlXC93cC1jb250ZW50XC91cGxvYWRzXC8yMDI2XC8wMlwvZ25fa29jazMuanBnIiwic2xpZGVzaG93IjoiZWU5MmZlMSJ9\">\n\t\t\t\t\t<div class=\"e-gallery-image elementor-gallery-item__image\" data-thumbnail=\"https:\/\/gottonara.se\/wp-content\/uploads\/2026\/02\/gn_kock3.jpg\" data-width=\"600\" data-height=\"400\" aria-label=\"\" role=\"img\" ><\/div>\n\t\t\t\t\t\t\t\t\t\t\t<div class=\"elementor-gallery-item__overlay\"><\/div>\n\t\t\t\t\t\t\t\t\t\t\t\t\t\t<\/a>\n\t\t\t\t\t<\/div>\n\t\t\t\t\t<\/div>\n\t\t\t\t<\/div>\n\t\t\t\t\t<\/div>\n\t\t\t\t<\/div>\n\t\t\t\t<\/div>\n\t\t","protected":false},"excerpt":{"rendered":"<p>Our Story OM OSS Har du fr\u00e5gor? VAD VI G\u00d6R Vi finns h\u00e4r f\u00f6r dig som l\u00e4ser p\u00e5 LU, LTH eller befinner dig i n\u00e4rheten av Helsingkrona nation. V\u00e5r pasta \u00e4r hemlagad enligt traditionella italienska recept, v\u00e5r kebab serveras i dagsf\u00e4rsk pitabr\u00f6d\/rulle och v\u00e5ra pizzor \u00e4r gjorda med lokala f\u00e4rska r\u00e5varor. Vi \u00e4r n\u00e4ra dig. [&hellip;]<\/p>\n","protected":false},"author":1,"featured_media":0,"parent":0,"menu_order":0,"comment_status":"closed","ping_status":"closed","template":"elementor_header_footer","meta":{"footnotes":""},"class_list":["post-108","page","type-page","status-publish","hentry"],"yoast_head":"<!-- This site is optimized with the Yoast SEO plugin v27.2 - https:\/\/yoast.com\/product\/yoast-seo-wordpress\/ -->\n<title>Om oss - Gott o N\u00e4ra<\/title>\n<meta name=\"robots\" content=\"index, follow, max-snippet:-1, max-image-preview:large, max-video-preview:-1\" \/>\n<link rel=\"canonical\" href=\"https:\/\/gottonara.se\/index.php\/om-oss\/\" \/>\n<meta property=\"og:locale\" content=\"en_US\" \/>\n<meta property=\"og:type\" content=\"article\" \/>\n<meta property=\"og:title\" content=\"Om oss - Gott o N\u00e4ra\" \/>\n<meta property=\"og:description\" content=\"Our Story OM OSS Har du fr\u00e5gor? VAD VI G\u00d6R Vi finns h\u00e4r f\u00f6r dig som l\u00e4ser p\u00e5 LU, LTH eller befinner dig i n\u00e4rheten av Helsingkrona nation. V\u00e5r pasta \u00e4r hemlagad enligt traditionella italienska recept, v\u00e5r kebab serveras i dagsf\u00e4rsk pitabr\u00f6d\/rulle och v\u00e5ra pizzor \u00e4r gjorda med lokala f\u00e4rska r\u00e5varor. Vi \u00e4r n\u00e4ra dig. [&hellip;]\" \/>\n<meta property=\"og:url\" content=\"https:\/\/gottonara.se\/index.php\/om-oss\/\" \/>\n<meta property=\"og:site_name\" content=\"Gott o N\u00e4ra\" \/>\n<meta property=\"article:modified_time\" content=\"2026-02-03T12:39:12+00:00\" \/>\n<meta name=\"twitter:card\" content=\"summary_large_image\" \/>\n<meta name=\"twitter:label1\" content=\"Est. reading time\" \/>\n\t<meta name=\"twitter:data1\" content=\"1 minute\" \/>\n<script type=\"application\/ld+json\" class=\"yoast-schema-graph\">{\"@context\":\"https:\/\/schema.org\",\"@graph\":[{\"@type\":\"WebPage\",\"@id\":\"https:\/\/gottonara.se\/index.php\/om-oss\/\",\"url\":\"https:\/\/gottonara.se\/index.php\/om-oss\/\",\"name\":\"Om oss - Gott o N\u00e4ra\",\"isPartOf\":{\"@id\":\"https:\/\/gottonara.se\/#website\"},\"datePublished\":\"2026-02-03T11:54:07+00:00\",\"dateModified\":\"2026-02-03T12:39:12+00:00\",\"breadcrumb\":{\"@id\":\"https:\/\/gottonara.se\/index.php\/om-oss\/#breadcrumb\"},\"inLanguage\":\"en-US\",\"potentialAction\":[{\"@type\":\"ReadAction\",\"target\":[\"https:\/\/gottonara.se\/index.php\/om-oss\/\"]}]},{\"@type\":\"BreadcrumbList\",\"@id\":\"https:\/\/gottonara.se\/index.php\/om-oss\/#breadcrumb\",\"itemListElement\":[{\"@type\":\"ListItem\",\"position\":1,\"name\":\"Home\",\"item\":\"https:\/\/gottonara.se\/\"},{\"@type\":\"ListItem\",\"position\":2,\"name\":\"Om oss\"}]},{\"@type\":\"WebSite\",\"@id\":\"https:\/\/gottonara.se\/#website\",\"url\":\"https:\/\/gottonara.se\/\",\"name\":\"Gott o N\u00e4ra\",\"description\":\"Best\u00e4ll Avh\u00e4mtning  Utk\u00f6rning Pizza Lund online h\u00e4r\",\"publisher\":{\"@id\":\"https:\/\/gottonara.se\/#organization\"},\"potentialAction\":[{\"@type\":\"SearchAction\",\"target\":{\"@type\":\"EntryPoint\",\"urlTemplate\":\"https:\/\/gottonara.se\/?s={search_term_string}\"},\"query-input\":{\"@type\":\"PropertyValueSpecification\",\"valueRequired\":true,\"valueName\":\"search_term_string\"}}],\"inLanguage\":\"en-US\"},{\"@type\":\"Organization\",\"@id\":\"https:\/\/gottonara.se\/#organization\",\"name\":\"Gott o N\u00e4ra\",\"url\":\"https:\/\/gottonara.se\/\",\"logo\":{\"@type\":\"ImageObject\",\"inLanguage\":\"en-US\",\"@id\":\"https:\/\/gottonara.se\/#\/schema\/logo\/image\/\",\"url\":\"https:\/\/gottonara.se\/wp-content\/uploads\/2026\/02\/gottonara-small-2.png\",\"contentUrl\":\"https:\/\/gottonara.se\/wp-content\/uploads\/2026\/02\/gottonara-small-2.png\",\"width\":140,\"height\":123,\"caption\":\"Gott o N\u00e4ra \"},\"image\":{\"@id\":\"https:\/\/gottonara.se\/#\/schema\/logo\/image\/\"}}]}<\/script>\n<!-- \/ Yoast SEO plugin. -->","yoast_head_json":{"title":"Om oss - Gott o N\u00e4ra","robots":{"index":"index","follow":"follow","max-snippet":"max-snippet:-1","max-image-preview":"max-image-preview:large","max-video-preview":"max-video-preview:-1"},"canonical":"https:\/\/gottonara.se\/index.php\/om-oss\/","og_locale":"en_US","og_type":"article","og_title":"Om oss - Gott o N\u00e4ra","og_description":"Our Story OM OSS Har du fr\u00e5gor? VAD VI G\u00d6R Vi finns h\u00e4r f\u00f6r dig som l\u00e4ser p\u00e5 LU, LTH eller befinner dig i n\u00e4rheten av Helsingkrona nation. V\u00e5r pasta \u00e4r hemlagad enligt traditionella italienska recept, v\u00e5r kebab serveras i dagsf\u00e4rsk pitabr\u00f6d\/rulle och v\u00e5ra pizzor \u00e4r gjorda med lokala f\u00e4rska r\u00e5varor. Vi \u00e4r n\u00e4ra dig. [&hellip;]","og_url":"https:\/\/gottonara.se\/index.php\/om-oss\/","og_site_name":"Gott o N\u00e4ra","article_modified_time":"2026-02-03T12:39:12+00:00","twitter_card":"summary_large_image","twitter_misc":{"Est. reading time":"1 minute"},"schema":{"@context":"https:\/\/schema.org","@graph":[{"@type":"WebPage","@id":"https:\/\/gottonara.se\/index.php\/om-oss\/","url":"https:\/\/gottonara.se\/index.php\/om-oss\/","name":"Om oss - Gott o N\u00e4ra","isPartOf":{"@id":"https:\/\/gottonara.se\/#website"},"datePublished":"2026-02-03T11:54:07+00:00","dateModified":"2026-02-03T12:39:12+00:00","breadcrumb":{"@id":"https:\/\/gottonara.se\/index.php\/om-oss\/#breadcrumb"},"inLanguage":"en-US","potentialAction":[{"@type":"ReadAction","target":["https:\/\/gottonara.se\/index.php\/om-oss\/"]}]},{"@type":"BreadcrumbList","@id":"https:\/\/gottonara.se\/index.php\/om-oss\/#breadcrumb","itemListElement":[{"@type":"ListItem","position":1,"name":"Home","item":"https:\/\/gottonara.se\/"},{"@type":"ListItem","position":2,"name":"Om oss"}]},{"@type":"WebSite","@id":"https:\/\/gottonara.se\/#website","url":"https:\/\/gottonara.se\/","name":"Gott o N\u00e4ra","description":"Best\u00e4ll Avh\u00e4mtning  Utk\u00f6rning Pizza Lund online h\u00e4r","publisher":{"@id":"https:\/\/gottonara.se\/#organization"},"potentialAction":[{"@type":"SearchAction","target":{"@type":"EntryPoint","urlTemplate":"https:\/\/gottonara.se\/?s={search_term_string}"},"query-input":{"@type":"PropertyValueSpecification","valueRequired":true,"valueName":"search_term_string"}}],"inLanguage":"en-US"},{"@type":"Organization","@id":"https:\/\/gottonara.se\/#organization","name":"Gott o N\u00e4ra","url":"https:\/\/gottonara.se\/","logo":{"@type":"ImageObject","inLanguage":"en-US","@id":"https:\/\/gottonara.se\/#\/schema\/logo\/image\/","url":"https:\/\/gottonara.se\/wp-content\/uploads\/2026\/02\/gottonara-small-2.png","contentUrl":"https:\/\/gottonara.se\/wp-content\/uploads\/2026\/02\/gottonara-small-2.png","width":140,"height":123,"caption":"Gott o N\u00e4ra "},"image":{"@id":"https:\/\/gottonara.se\/#\/schema\/logo\/image\/"}}]}},"_links":{"self":[{"href":"https:\/\/gottonara.se\/index.php\/wp-json\/wp\/v2\/pages\/108","targetHints":{"allow":["GET"]}}],"collection":[{"href":"https:\/\/gottonara.se\/index.php\/wp-json\/wp\/v2\/pages"}],"about":[{"href":"https:\/\/gottonara.se\/index.php\/wp-json\/wp\/v2\/types\/page"}],"author":[{"embeddable":true,"href":"https:\/\/gottonara.se\/index.php\/wp-json\/wp\/v2\/users\/1"}],"replies":[{"embeddable":true,"href":"https:\/\/gottonara.se\/index.php\/wp-json\/wp\/v2\/comments?post=108"}],"version-history":[{"count":10,"href":"https:\/\/gottonara.se\/index.php\/wp-json\/wp\/v2\/pages\/108\/revisions"}],"predecessor-version":[{"id":132,"href":"https:\/\/gottonara.se\/index.php\/wp-json\/wp\/v2\/pages\/108\/revisions\/132"}],"wp:attachment":[{"href":"https:\/\/gottonara.se\/index.php\/wp-json\/wp\/v2\/media?parent=108"}],"curies":[{"name":"wp","href":"https:\/\/api.w.org\/{rel}","templated":true}]}}