{"id":133,"date":"2026-02-03T12:42:59","date_gmt":"2026-02-03T12:42:59","guid":{"rendered":"https:\/\/gottonara.se\/?page_id=133"},"modified":"2026-02-11T19:53:16","modified_gmt":"2026-02-11T19:53:16","slug":"mat-leverance","status":"publish","type":"page","link":"https:\/\/gottonara.se\/index.php\/mat-leverance\/","title":{"rendered":"Mat leverans"},"content":{"rendered":"\t\t<div data-elementor-type=\"wp-page\" data-elementor-id=\"133\" class=\"elementor elementor-133\" data-elementor-post-type=\"page\">\n\t\t\t\t<div class=\"elementor-element elementor-element-12700ae e-flex e-con-boxed e-con e-parent\" data-id=\"12700ae\" data-element_type=\"container\" data-e-type=\"container\" data-settings=\"{&quot;background_background&quot;:&quot;classic&quot;}\">\n\t\t\t\t\t<div class=\"e-con-inner\">\n\t\t\t\t<div class=\"elementor-element elementor-element-318141d elementor-widget elementor-widget-heading\" data-id=\"318141d\" data-element_type=\"widget\" data-e-type=\"widget\" data-widget_type=\"heading.default\">\n\t\t\t\t\t<h2 class=\"elementor-heading-title elementor-size-default\">MAT LEVERANS<\/h2>\t\t\t\t<\/div>\n\t\t\t\t\t<\/div>\n\t\t\t\t<\/div>\n\t\t<div class=\"elementor-element elementor-element-896273b e-flex e-con-boxed e-con e-parent\" data-id=\"896273b\" data-element_type=\"container\" data-e-type=\"container\">\n\t\t\t\t\t<div class=\"e-con-inner\">\n\t\t<div class=\"elementor-element elementor-element-af90bcc e-con-full e-flex e-con e-child\" data-id=\"af90bcc\" data-element_type=\"container\" data-e-type=\"container\">\n\t\t\t\t<div class=\"elementor-element elementor-element-2342950 elementor-view-default elementor-position-block-start elementor-mobile-position-block-start elementor-widget elementor-widget-icon-box\" data-id=\"2342950\" data-element_type=\"widget\" data-e-type=\"widget\" data-widget_type=\"icon-box.default\">\n\t\t\t\t\t\t\t<div class=\"elementor-icon-box-wrapper\">\n\n\t\t\t\t\t\t<div class=\"elementor-icon-box-icon\">\n\t\t\t\t<span  class=\"elementor-icon\">\n\t\t\t\t<svg aria-hidden=\"true\" class=\"e-font-icon-svg e-fas-tags\" viewBox=\"0 0 640 512\" xmlns=\"http:\/\/www.w3.org\/2000\/svg\"><path d=\"M497.941 225.941L286.059 14.059A48 48 0 0 0 252.118 0H48C21.49 0 0 21.49 0 48v204.118a48 48 0 0 0 14.059 33.941l211.882 211.882c18.744 18.745 49.136 18.746 67.882 0l204.118-204.118c18.745-18.745 18.745-49.137 0-67.882zM112 160c-26.51 0-48-21.49-48-48s21.49-48 48-48 48 21.49 48 48-21.49 48-48 48zm513.941 133.823L421.823 497.941c-18.745 18.745-49.137 18.745-67.882 0l-.36-.36L527.64 323.522c16.999-16.999 26.36-39.6 26.36-63.64s-9.362-46.641-26.36-63.64L331.397 0h48.721a48 48 0 0 1 33.941 14.059l211.882 211.882c18.745 18.745 18.745 49.137 0 67.882z\"><\/path><\/svg>\t\t\t\t<\/span>\n\t\t\t<\/div>\n\t\t\t\n\t\t\t\t\t\t<div class=\"elementor-icon-box-content\">\n\n\t\t\t\t\t\t\t\t\t<h3 class=\"elementor-icon-box-title\">\n\t\t\t\t\t\t<span  >\n\t\t\t\t\t\t\tB\u00e4sta r\u00e5varor\t\t\t\t\t\t<\/span>\n\t\t\t\t\t<\/h3>\n\t\t\t\t\n\t\t\t\t\t\t\t\t\t<p class=\"elementor-icon-box-description\">\n\t\t\t\t\t\tVi anv\u00e4nder bara h\u00f6gsta kvalitet fr\u00e5n v\u00e5r leverant\u00f6rer\t\t\t\t\t<\/p>\n\t\t\t\t\n\t\t\t<\/div>\n\t\t\t\n\t\t<\/div>\n\t\t\t\t\t\t<\/div>\n\t\t\t\t<\/div>\n\t\t<div class=\"elementor-element elementor-element-466fd91 e-con-full e-flex e-con e-child\" data-id=\"466fd91\" data-element_type=\"container\" data-e-type=\"container\">\n\t\t\t\t<div class=\"elementor-element elementor-element-474441a elementor-view-default elementor-position-block-start elementor-mobile-position-block-start elementor-widget elementor-widget-icon-box\" data-id=\"474441a\" data-element_type=\"widget\" data-e-type=\"widget\" data-widget_type=\"icon-box.default\">\n\t\t\t\t\t\t\t<div class=\"elementor-icon-box-wrapper\">\n\n\t\t\t\t\t\t<div class=\"elementor-icon-box-icon\">\n\t\t\t\t<span  class=\"elementor-icon\">\n\t\t\t\t<svg aria-hidden=\"true\" class=\"e-font-icon-svg e-fas-user-friends\" viewBox=\"0 0 640 512\" xmlns=\"http:\/\/www.w3.org\/2000\/svg\"><path d=\"M192 256c61.9 0 112-50.1 112-112S253.9 32 192 32 80 82.1 80 144s50.1 112 112 112zm76.8 32h-8.3c-20.8 10-43.9 16-68.5 16s-47.6-6-68.5-16h-8.3C51.6 288 0 339.6 0 403.2V432c0 26.5 21.5 48 48 48h288c26.5 0 48-21.5 48-48v-28.8c0-63.6-51.6-115.2-115.2-115.2zM480 256c53 0 96-43 96-96s-43-96-96-96-96 43-96 96 43 96 96 96zm48 32h-3.8c-13.9 4.8-28.6 8-44.2 8s-30.3-3.2-44.2-8H432c-20.4 0-39.2 5.9-55.7 15.4 24.4 26.3 39.7 61.2 39.7 99.8v38.4c0 2.2-.5 4.3-.6 6.4H592c26.5 0 48-21.5 48-48 0-61.9-50.1-112-112-112z\"><\/path><\/svg>\t\t\t\t<\/span>\n\t\t\t<\/div>\n\t\t\t\n\t\t\t\t\t\t<div class=\"elementor-icon-box-content\">\n\n\t\t\t\t\t\t\t\t\t<h3 class=\"elementor-icon-box-title\">\n\t\t\t\t\t\t<span  >\n\t\t\t\t\t\t\tKunniga kockar\t\t\t\t\t\t<\/span>\n\t\t\t\t\t<\/h3>\n\t\t\t\t\n\t\t\t\t\t\t\t\t\t<p class=\"elementor-icon-box-description\">\n\t\t\t\t\t\tV\u00e5r utbildade personal lagar din mat efter dina \u00f6nskem\u00e5l\t\t\t\t\t<\/p>\n\t\t\t\t\n\t\t\t<\/div>\n\t\t\t\n\t\t<\/div>\n\t\t\t\t\t\t<\/div>\n\t\t\t\t<\/div>\n\t\t<div class=\"elementor-element elementor-element-2e9bb41 e-con-full e-flex e-con e-child\" data-id=\"2e9bb41\" data-element_type=\"container\" data-e-type=\"container\">\n\t\t\t\t<div class=\"elementor-element elementor-element-d4b3e5b elementor-view-default elementor-position-block-start elementor-mobile-position-block-start elementor-widget elementor-widget-icon-box\" data-id=\"d4b3e5b\" data-element_type=\"widget\" data-e-type=\"widget\" data-widget_type=\"icon-box.default\">\n\t\t\t\t\t\t\t<div class=\"elementor-icon-box-wrapper\">\n\n\t\t\t\t\t\t<div class=\"elementor-icon-box-icon\">\n\t\t\t\t<span  class=\"elementor-icon\">\n\t\t\t\t<svg aria-hidden=\"true\" class=\"e-font-icon-svg e-fas-home\" viewBox=\"0 0 576 512\" xmlns=\"http:\/\/www.w3.org\/2000\/svg\"><path d=\"M280.37 148.26L96 300.11V464a16 16 0 0 0 16 16l112.06-.29a16 16 0 0 0 15.92-16V368a16 16 0 0 1 16-16h64a16 16 0 0 1 16 16v95.64a16 16 0 0 0 16 16.05L464 480a16 16 0 0 0 16-16V300L295.67 148.26a12.19 12.19 0 0 0-15.3 0zM571.6 251.47L488 182.56V44.05a12 12 0 0 0-12-12h-56a12 12 0 0 0-12 12v72.61L318.47 43a48 48 0 0 0-61 0L4.34 251.47a12 12 0 0 0-1.6 16.9l25.5 31A12 12 0 0 0 45.15 301l235.22-193.74a12.19 12.19 0 0 1 15.3 0L530.9 301a12 12 0 0 0 16.9-1.6l25.5-31a12 12 0 0 0-1.7-16.93z\"><\/path><\/svg>\t\t\t\t<\/span>\n\t\t\t<\/div>\n\t\t\t\n\t\t\t\t\t\t<div class=\"elementor-icon-box-content\">\n\n\t\t\t\t\t\t\t\t\t<h3 class=\"elementor-icon-box-title\">\n\t\t\t\t\t\t<span  >\n\t\t\t\t\t\t\tSnabba leveranser\t\t\t\t\t\t<\/span>\n\t\t\t\t\t<\/h3>\n\t\t\t\t\n\t\t\t\t\t\t\t\t\t<p class=\"elementor-icon-box-description\">\n\t\t\t\t\t\tBest\u00e4m vilken tid du vill ha din order levererad\t\t\t\t\t<\/p>\n\t\t\t\t\n\t\t\t<\/div>\n\t\t\t\n\t\t<\/div>\n\t\t\t\t\t\t<\/div>\n\t\t\t\t<\/div>\n\t\t\t\t\t<\/div>\n\t\t\t\t<\/div>\n\t\t<div class=\"elementor-element elementor-element-ba2dbe0 e-flex e-con-boxed e-con e-parent\" data-id=\"ba2dbe0\" data-element_type=\"container\" data-e-type=\"container\">\n\t\t\t\t\t<div class=\"e-con-inner\">\n\t\t\t\t<div class=\"elementor-element elementor-element-6c3d87b elementor-widget elementor-widget-heading\" data-id=\"6c3d87b\" data-element_type=\"widget\" data-e-type=\"widget\" data-widget_type=\"heading.default\">\n\t\t\t\t\t<h2 class=\"elementor-heading-title elementor-size-default\">Hur fungerar det<\/h2>\t\t\t\t<\/div>\n\t\t\t\t<div class=\"elementor-element elementor-element-742b75d elementor-widget elementor-widget-heading\" data-id=\"742b75d\" data-element_type=\"widget\" data-e-type=\"widget\" data-widget_type=\"heading.default\">\n\t\t\t\t\t<h2 class=\"elementor-heading-title elementor-size-default\">Skapa en best\u00e4llning<\/h2>\t\t\t\t<\/div>\n\t\t<div class=\"elementor-element elementor-element-d08b855 e-con-full e-flex e-con e-child\" data-id=\"d08b855\" data-element_type=\"container\" data-e-type=\"container\">\n\t\t<div class=\"elementor-element elementor-element-e9bcc94 e-con-full e-flex e-con e-child\" data-id=\"e9bcc94\" data-element_type=\"container\" data-e-type=\"container\">\n\t\t\t\t<div class=\"elementor-element elementor-element-b0575f7 elementor-widget elementor-widget-heading\" data-id=\"b0575f7\" data-element_type=\"widget\" data-e-type=\"widget\" data-widget_type=\"heading.default\">\n\t\t\t\t\t<h2 class=\"elementor-heading-title elementor-size-default\">Steg 01<\/h2>\t\t\t\t<\/div>\n\t\t\t\t<div class=\"elementor-element elementor-element-a89a870 elementor-widget elementor-widget-heading\" data-id=\"a89a870\" data-element_type=\"widget\" data-e-type=\"widget\" data-widget_type=\"heading.default\">\n\t\t\t\t\t<h2 class=\"elementor-heading-title elementor-size-default\">V\u00c4LJ DIN MAT<\/h2>\t\t\t\t<\/div>\n\t\t\t\t<div class=\"elementor-element elementor-element-441e590 elementor-widget elementor-widget-text-editor\" data-id=\"441e590\" data-element_type=\"widget\" data-e-type=\"widget\" data-widget_type=\"text-editor.default\">\n\t\t\t\t\t\t\t\t\t<p>To make an order at first step you need select meal, that you want to order. You can do it on our menu page, where all dishes are sorted by categories. Click on menu item and in opened page press \u201cAdd to Cart\u201d button. You can add as more items, as you need.<\/p>\t\t\t\t\t\t\t\t<\/div>\n\t\t\t\t<\/div>\n\t\t\t\t<\/div>\n\t\t<div class=\"elementor-element elementor-element-405e7e1 e-con-full e-flex e-con e-child\" data-id=\"405e7e1\" data-element_type=\"container\" data-e-type=\"container\">\n\t\t<div class=\"elementor-element elementor-element-911eb74 e-con-full e-flex e-con e-child\" data-id=\"911eb74\" data-element_type=\"container\" data-e-type=\"container\">\n\t\t\t\t<div class=\"elementor-element elementor-element-5dd7cb1 elementor-widget elementor-widget-heading\" data-id=\"5dd7cb1\" data-element_type=\"widget\" data-e-type=\"widget\" data-widget_type=\"heading.default\">\n\t\t\t\t\t<h2 class=\"elementor-heading-title elementor-size-default\">Steg 02<\/h2>\t\t\t\t<\/div>\n\t\t\t\t<div class=\"elementor-element elementor-element-e57ffc5 elementor-widget elementor-widget-heading\" data-id=\"e57ffc5\" data-element_type=\"widget\" data-e-type=\"widget\" data-widget_type=\"heading.default\">\n\t\t\t\t\t<h2 class=\"elementor-heading-title elementor-size-default\">G\u00f6r best\u00e4llningen<\/h2>\t\t\t\t<\/div>\n\t\t\t\t<div class=\"elementor-element elementor-element-548ad1d elementor-widget elementor-widget-text-editor\" data-id=\"548ad1d\" data-element_type=\"widget\" data-e-type=\"widget\" data-widget_type=\"text-editor.default\">\n\t\t\t\t\t\t\t\t\t<p>Next step is to place your order. To do that you can go to shopping cart, by using widget in sidebar, pressing button with the same name or by click on cart icon in header. In shopping cart you can check your order, fill form fields and after that confirm your order.<\/p>\t\t\t\t\t\t\t\t<\/div>\n\t\t\t\t<\/div>\n\t\t\t\t<\/div>\n\t\t<div class=\"elementor-element elementor-element-b653b0f e-con-full e-flex e-con e-child\" data-id=\"b653b0f\" data-element_type=\"container\" data-e-type=\"container\">\n\t\t<div class=\"elementor-element elementor-element-599500b e-con-full e-flex e-con e-child\" data-id=\"599500b\" data-element_type=\"container\" data-e-type=\"container\">\n\t\t\t\t<div class=\"elementor-element elementor-element-f91baa2 elementor-widget elementor-widget-heading\" data-id=\"f91baa2\" data-element_type=\"widget\" data-e-type=\"widget\" data-widget_type=\"heading.default\">\n\t\t\t\t\t<h2 class=\"elementor-heading-title elementor-size-default\">Steg 03<\/h2>\t\t\t\t<\/div>\n\t\t\t\t<div class=\"elementor-element elementor-element-55d9a3e elementor-widget elementor-widget-heading\" data-id=\"55d9a3e\" data-element_type=\"widget\" data-e-type=\"widget\" data-widget_type=\"heading.default\">\n\t\t\t\t\t<h2 class=\"elementor-heading-title elementor-size-default\">V\u00c4NTA P\u00c5 BEKR\u00c4FTELSE<\/h2>\t\t\t\t<\/div>\n\t\t\t\t<div class=\"elementor-element elementor-element-6ef7f38 elementor-widget elementor-widget-text-editor\" data-id=\"6ef7f38\" data-element_type=\"widget\" data-e-type=\"widget\" data-widget_type=\"text-editor.default\">\n\t\t\t\t\t\t\t\t\t<p>After all that steps we call you back immediately (or maybe in 3-5 minutes) to confirm your order and to clarify details. And after that we will sent your order for you. All our delivery men are fastest drivers in the world, so your order will not have time to cool!<\/p>\t\t\t\t\t\t\t\t<\/div>\n\t\t\t\t<\/div>\n\t\t\t\t<\/div>\n\t\t\t\t\t<\/div>\n\t\t\t\t<\/div>\n\t\t<div class=\"elementor-element elementor-element-7e0c725 e-flex e-con-boxed e-con e-parent\" data-id=\"7e0c725\" data-element_type=\"container\" data-e-type=\"container\">\n\t\t\t\t\t<div class=\"e-con-inner\">\n\t\t\t\t<div class=\"elementor-element elementor-element-b6bf625 elementor-widget elementor-widget-heading\" data-id=\"b6bf625\" data-element_type=\"widget\" data-e-type=\"widget\" data-widget_type=\"heading.default\">\n\t\t\t\t\t<h2 class=\"elementor-heading-title elementor-size-default\">Fr\u00e5gor?<\/h2>\t\t\t\t<\/div>\n\t\t\t\t<div class=\"elementor-element elementor-element-e3cbb65 elementor-widget elementor-widget-heading\" data-id=\"e3cbb65\" data-element_type=\"widget\" data-e-type=\"widget\" data-widget_type=\"heading.default\">\n\t\t\t\t\t<h2 class=\"elementor-heading-title elementor-size-default\">TA KONTAKT MED OSS<\/h2>\t\t\t\t<\/div>\n\t\t\t\t<div class=\"elementor-element elementor-element-05ad6aa elementor-button-align-end elementor-widget elementor-widget-form\" data-id=\"05ad6aa\" data-element_type=\"widget\" data-e-type=\"widget\" data-settings=\"{&quot;step_next_label&quot;:&quot;Next&quot;,&quot;step_previous_label&quot;:&quot;Previous&quot;,&quot;button_width&quot;:&quot;100&quot;,&quot;step_type&quot;:&quot;number_text&quot;,&quot;step_icon_shape&quot;:&quot;circle&quot;}\" data-widget_type=\"form.default\">\n\t\t\t\t\t\t\t<form class=\"elementor-form\" method=\"post\" name=\"New Form\" aria-label=\"New Form\">\n\t\t\t<input type=\"hidden\" name=\"post_id\" value=\"133\"\/>\n\t\t\t<input type=\"hidden\" name=\"form_id\" value=\"05ad6aa\"\/>\n\t\t\t<input type=\"hidden\" name=\"referer_title\" value=\"Gott o N\u00e4ra\" \/>\n\n\t\t\t\n\t\t\t<div class=\"elementor-form-fields-wrapper elementor-labels-\">\n\t\t\t\t\t\t\t\t<div class=\"elementor-field-type-text elementor-field-group elementor-column elementor-field-group-name elementor-col-50\">\n\t\t\t\t\t\t\t\t\t\t\t\t<label for=\"form-field-name\" class=\"elementor-field-label elementor-screen-only\">\n\t\t\t\t\t\t\t\tNamn \t\t\t\t\t\t\t<\/label>\n\t\t\t\t\t\t\t\t\t\t\t\t\t\t<input size=\"1\" type=\"text\" name=\"form_fields[name]\" id=\"form-field-name\" class=\"elementor-field elementor-size-sm  elementor-field-textual\" placeholder=\"Namn \">\n\t\t\t\t\t\t\t\t\t\t\t<\/div>\n\t\t\t\t\t\t\t\t<div class=\"elementor-field-type-email elementor-field-group elementor-column elementor-field-group-email elementor-col-50 elementor-field-required\">\n\t\t\t\t\t\t\t\t\t\t\t\t<label for=\"form-field-email\" class=\"elementor-field-label elementor-screen-only\">\n\t\t\t\t\t\t\t\tEpost \t\t\t\t\t\t\t<\/label>\n\t\t\t\t\t\t\t\t\t\t\t\t\t\t<input size=\"1\" type=\"email\" name=\"form_fields[email]\" id=\"form-field-email\" class=\"elementor-field elementor-size-sm  elementor-field-textual\" placeholder=\"Epost \" required=\"required\">\n\t\t\t\t\t\t\t\t\t\t\t<\/div>\n\t\t\t\t\t\t\t\t<div class=\"elementor-field-type-textarea elementor-field-group elementor-column elementor-field-group-message elementor-col-100\">\n\t\t\t\t\t\t\t\t\t\t\t\t<label for=\"form-field-message\" class=\"elementor-field-label elementor-screen-only\">\n\t\t\t\t\t\t\t\tMeddelande  \t\t\t\t\t\t\t<\/label>\n\t\t\t\t\t\t<textarea class=\"elementor-field-textual elementor-field  elementor-size-sm\" name=\"form_fields[message]\" id=\"form-field-message\" rows=\"4\" placeholder=\"Meddelande  \"><\/textarea>\t\t\t\t<\/div>\n\t\t\t\t\t\t\t\t<div class=\"elementor-field-group elementor-column elementor-field-type-submit elementor-col-100 e-form__buttons\">\n\t\t\t\t\t<button class=\"elementor-button elementor-size-sm\" type=\"submit\">\n\t\t\t\t\t\t<span class=\"elementor-button-content-wrapper\">\n\t\t\t\t\t\t\t\t\t\t\t\t\t\t\t\t\t\t\t\t\t\t<span class=\"elementor-button-text\">Skicka ditt meddelande<\/span>\n\t\t\t\t\t\t\t\t\t\t\t\t\t<\/span>\n\t\t\t\t\t<\/button>\n\t\t\t\t<\/div>\n\t\t\t<\/div>\n\t\t<\/form>\n\t\t\t\t\t\t<\/div>\n\t\t\t\t\t<\/div>\n\t\t\t\t<\/div>\n\t\t\t\t<\/div>\n\t\t","protected":false},"excerpt":{"rendered":"<p>MAT LEVERANS B\u00e4sta r\u00e5varor Vi anv\u00e4nder bara h\u00f6gsta kvalitet fr\u00e5n v\u00e5r leverant\u00f6rer Kunniga kockar V\u00e5r utbildade personal lagar din mat efter dina \u00f6nskem\u00e5l Snabba leveranser Best\u00e4m vilken tid du vill ha din order levererad Hur fungerar det Skapa en best\u00e4llning Steg 01 V\u00c4LJ DIN MAT To make an order at first step you need select [&hellip;]<\/p>\n","protected":false},"author":1,"featured_media":0,"parent":0,"menu_order":0,"comment_status":"closed","ping_status":"closed","template":"elementor_header_footer","meta":{"footnotes":""},"class_list":["post-133","page","type-page","status-publish","hentry"],"yoast_head":"<!-- This site is optimized with the Yoast SEO plugin v27.2 - https:\/\/yoast.com\/product\/yoast-seo-wordpress\/ -->\n<title>Mat leverans - Gott o N\u00e4ra<\/title>\n<meta name=\"robots\" content=\"index, follow, max-snippet:-1, max-image-preview:large, max-video-preview:-1\" \/>\n<link rel=\"canonical\" href=\"https:\/\/gottonara.se\/index.php\/mat-leverance\/\" \/>\n<meta property=\"og:locale\" content=\"en_US\" \/>\n<meta property=\"og:type\" content=\"article\" \/>\n<meta property=\"og:title\" content=\"Mat leverans - Gott o N\u00e4ra\" \/>\n<meta property=\"og:description\" content=\"MAT LEVERANS B\u00e4sta r\u00e5varor Vi anv\u00e4nder bara h\u00f6gsta kvalitet fr\u00e5n v\u00e5r leverant\u00f6rer Kunniga kockar V\u00e5r utbildade personal lagar din mat efter dina \u00f6nskem\u00e5l Snabba leveranser Best\u00e4m vilken tid du vill ha din order levererad Hur fungerar det Skapa en best\u00e4llning Steg 01 V\u00c4LJ DIN MAT To make an order at first step you need select [&hellip;]\" \/>\n<meta property=\"og:url\" content=\"https:\/\/gottonara.se\/index.php\/mat-leverance\/\" \/>\n<meta property=\"og:site_name\" content=\"Gott o N\u00e4ra\" \/>\n<meta property=\"article:modified_time\" content=\"2026-02-11T19:53:16+00:00\" \/>\n<meta name=\"twitter:card\" content=\"summary_large_image\" \/>\n<meta name=\"twitter:label1\" content=\"Est. reading time\" \/>\n\t<meta name=\"twitter:data1\" content=\"1 minute\" \/>\n<script type=\"application\/ld+json\" class=\"yoast-schema-graph\">{\"@context\":\"https:\/\/schema.org\",\"@graph\":[{\"@type\":\"WebPage\",\"@id\":\"https:\/\/gottonara.se\/index.php\/mat-leverance\/\",\"url\":\"https:\/\/gottonara.se\/index.php\/mat-leverance\/\",\"name\":\"Mat leverans - Gott o N\u00e4ra\",\"isPartOf\":{\"@id\":\"https:\/\/gottonara.se\/#website\"},\"datePublished\":\"2026-02-03T12:42:59+00:00\",\"dateModified\":\"2026-02-11T19:53:16+00:00\",\"breadcrumb\":{\"@id\":\"https:\/\/gottonara.se\/index.php\/mat-leverance\/#breadcrumb\"},\"inLanguage\":\"en-US\",\"potentialAction\":[{\"@type\":\"ReadAction\",\"target\":[\"https:\/\/gottonara.se\/index.php\/mat-leverance\/\"]}]},{\"@type\":\"BreadcrumbList\",\"@id\":\"https:\/\/gottonara.se\/index.php\/mat-leverance\/#breadcrumb\",\"itemListElement\":[{\"@type\":\"ListItem\",\"position\":1,\"name\":\"Home\",\"item\":\"https:\/\/gottonara.se\/\"},{\"@type\":\"ListItem\",\"position\":2,\"name\":\"Mat leverans\"}]},{\"@type\":\"WebSite\",\"@id\":\"https:\/\/gottonara.se\/#website\",\"url\":\"https:\/\/gottonara.se\/\",\"name\":\"Gott o N\u00e4ra\",\"description\":\"Best\u00e4ll Avh\u00e4mtning  Utk\u00f6rning Pizza Lund online h\u00e4r\",\"publisher\":{\"@id\":\"https:\/\/gottonara.se\/#organization\"},\"potentialAction\":[{\"@type\":\"SearchAction\",\"target\":{\"@type\":\"EntryPoint\",\"urlTemplate\":\"https:\/\/gottonara.se\/?s={search_term_string}\"},\"query-input\":{\"@type\":\"PropertyValueSpecification\",\"valueRequired\":true,\"valueName\":\"search_term_string\"}}],\"inLanguage\":\"en-US\"},{\"@type\":\"Organization\",\"@id\":\"https:\/\/gottonara.se\/#organization\",\"name\":\"Gott o N\u00e4ra\",\"url\":\"https:\/\/gottonara.se\/\",\"logo\":{\"@type\":\"ImageObject\",\"inLanguage\":\"en-US\",\"@id\":\"https:\/\/gottonara.se\/#\/schema\/logo\/image\/\",\"url\":\"https:\/\/gottonara.se\/wp-content\/uploads\/2026\/02\/gottonara-small-2.png\",\"contentUrl\":\"https:\/\/gottonara.se\/wp-content\/uploads\/2026\/02\/gottonara-small-2.png\",\"width\":140,\"height\":123,\"caption\":\"Gott o N\u00e4ra \"},\"image\":{\"@id\":\"https:\/\/gottonara.se\/#\/schema\/logo\/image\/\"}}]}<\/script>\n<!-- \/ Yoast SEO plugin. -->","yoast_head_json":{"title":"Mat leverans - Gott o N\u00e4ra","robots":{"index":"index","follow":"follow","max-snippet":"max-snippet:-1","max-image-preview":"max-image-preview:large","max-video-preview":"max-video-preview:-1"},"canonical":"https:\/\/gottonara.se\/index.php\/mat-leverance\/","og_locale":"en_US","og_type":"article","og_title":"Mat leverans - Gott o N\u00e4ra","og_description":"MAT LEVERANS B\u00e4sta r\u00e5varor Vi anv\u00e4nder bara h\u00f6gsta kvalitet fr\u00e5n v\u00e5r leverant\u00f6rer Kunniga kockar V\u00e5r utbildade personal lagar din mat efter dina \u00f6nskem\u00e5l Snabba leveranser Best\u00e4m vilken tid du vill ha din order levererad Hur fungerar det Skapa en best\u00e4llning Steg 01 V\u00c4LJ DIN MAT To make an order at first step you need select [&hellip;]","og_url":"https:\/\/gottonara.se\/index.php\/mat-leverance\/","og_site_name":"Gott o N\u00e4ra","article_modified_time":"2026-02-11T19:53:16+00:00","twitter_card":"summary_large_image","twitter_misc":{"Est. reading time":"1 minute"},"schema":{"@context":"https:\/\/schema.org","@graph":[{"@type":"WebPage","@id":"https:\/\/gottonara.se\/index.php\/mat-leverance\/","url":"https:\/\/gottonara.se\/index.php\/mat-leverance\/","name":"Mat leverans - Gott o N\u00e4ra","isPartOf":{"@id":"https:\/\/gottonara.se\/#website"},"datePublished":"2026-02-03T12:42:59+00:00","dateModified":"2026-02-11T19:53:16+00:00","breadcrumb":{"@id":"https:\/\/gottonara.se\/index.php\/mat-leverance\/#breadcrumb"},"inLanguage":"en-US","potentialAction":[{"@type":"ReadAction","target":["https:\/\/gottonara.se\/index.php\/mat-leverance\/"]}]},{"@type":"BreadcrumbList","@id":"https:\/\/gottonara.se\/index.php\/mat-leverance\/#breadcrumb","itemListElement":[{"@type":"ListItem","position":1,"name":"Home","item":"https:\/\/gottonara.se\/"},{"@type":"ListItem","position":2,"name":"Mat leverans"}]},{"@type":"WebSite","@id":"https:\/\/gottonara.se\/#website","url":"https:\/\/gottonara.se\/","name":"Gott o N\u00e4ra","description":"Best\u00e4ll Avh\u00e4mtning  Utk\u00f6rning Pizza Lund online h\u00e4r","publisher":{"@id":"https:\/\/gottonara.se\/#organization"},"potentialAction":[{"@type":"SearchAction","target":{"@type":"EntryPoint","urlTemplate":"https:\/\/gottonara.se\/?s={search_term_string}"},"query-input":{"@type":"PropertyValueSpecification","valueRequired":true,"valueName":"search_term_string"}}],"inLanguage":"en-US"},{"@type":"Organization","@id":"https:\/\/gottonara.se\/#organization","name":"Gott o N\u00e4ra","url":"https:\/\/gottonara.se\/","logo":{"@type":"ImageObject","inLanguage":"en-US","@id":"https:\/\/gottonara.se\/#\/schema\/logo\/image\/","url":"https:\/\/gottonara.se\/wp-content\/uploads\/2026\/02\/gottonara-small-2.png","contentUrl":"https:\/\/gottonara.se\/wp-content\/uploads\/2026\/02\/gottonara-small-2.png","width":140,"height":123,"caption":"Gott o N\u00e4ra "},"image":{"@id":"https:\/\/gottonara.se\/#\/schema\/logo\/image\/"}}]}},"_links":{"self":[{"href":"https:\/\/gottonara.se\/index.php\/wp-json\/wp\/v2\/pages\/133","targetHints":{"allow":["GET"]}}],"collection":[{"href":"https:\/\/gottonara.se\/index.php\/wp-json\/wp\/v2\/pages"}],"about":[{"href":"https:\/\/gottonara.se\/index.php\/wp-json\/wp\/v2\/types\/page"}],"author":[{"embeddable":true,"href":"https:\/\/gottonara.se\/index.php\/wp-json\/wp\/v2\/users\/1"}],"replies":[{"embeddable":true,"href":"https:\/\/gottonara.se\/index.php\/wp-json\/wp\/v2\/comments?post=133"}],"version-history":[{"count":17,"href":"https:\/\/gottonara.se\/index.php\/wp-json\/wp\/v2\/pages\/133\/revisions"}],"predecessor-version":[{"id":266,"href":"https:\/\/gottonara.se\/index.php\/wp-json\/wp\/v2\/pages\/133\/revisions\/266"}],"wp:attachment":[{"href":"https:\/\/gottonara.se\/index.php\/wp-json\/wp\/v2\/media?parent=133"}],"curies":[{"name":"wp","href":"https:\/\/api.w.org\/{rel}","templated":true}]}}